{"id":572,"date":"2018-10-21T14:54:52","date_gmt":"2018-10-21T12:54:52","guid":{"rendered":"http:\/\/ceccarbrasov.ro\/?page_id=572"},"modified":"2026-02-03T15:02:53","modified_gmt":"2026-02-03T13:02:53","slug":"ex-de-acces-la-stagiu","status":"publish","type":"page","link":"https:\/\/ceccarbraila.ro\/ro\/membri\/cum-devin-membru-ceccar\/ex-de-acces-la-stagiu\/","title":{"rendered":"Examenul de acces la stagiu"},"content":{"rendered":"<section   class=\"fw-main-row  auto  fw-section-position-back\"    >\n\t\t\t<div class=\"fw-container\" >\n\t\t<div class=\"fw-row\">\n\t<div id=\"column-69e0cc1e74bfa\" class=\"fw-col-sm-12 tf-sh-4bf7de7076824fb4c351a6d1039d0743\" >\n\t<div class=\"fw-wrap-col-inner clearfix  \"   >\n\t\t\t\t<div class=\"fw-col-inner\">\n\t\t\t<div class=\"fw-text-box tf-sh-b4a496c23a94b122350f1c9e2210e50c \" >\n\t<div class=\"fw-text-inner\">\n\t\t<p><strong><span style=\"font-size: 12pt;\">Examenul de acces la stagiu<\/span><\/strong><\/p>\n\t<\/div>\n<\/div><div class=\"fw-divider-space space-sm  clearfix\"  ><\/div><div class=\"tf-sh-435841a89aa1e8b5e1a52a967d0eb145 fw-tabs fw-tabs-minimal fw-tabs-top \" >\n\t<ul class=\"nav nav-tabs nav-justified\">\n\t\t\t\t\t<li class=\"active\">\n\t\t\t\t<a href=\"#tab-cont-435841a89aa1e8b5e1a52a967d0eb145-1\" data-toggle=\"tab\">\n\t\t\t\t\t\n\t\t\t\t\t\t\t\t\t\t<span>Anun\u0163uri \u015fi nout\u0103\u0163i<\/span>\n\t\t\t\t<\/a>\n\t\t\t<\/li>\n\t\t\t\t\t\t\t\t<li >\n\t\t\t\t<a href=\"#tab-cont-435841a89aa1e8b5e1a52a967d0eb145-2\" data-toggle=\"tab\">\n\t\t\t\t\t\n\t\t\t\t\t\t\t\t\t\t<span>Regulament privind accesul la profesia de expert contabil \u015fi de contabil autorizat<\/span>\n\t\t\t\t<\/a>\n\t\t\t<\/li>\n\t\t\t\t\t\t\t\t<li >\n\t\t\t\t<a href=\"#tab-cont-435841a89aa1e8b5e1a52a967d0eb145-3\" data-toggle=\"tab\">\n\t\t\t\t\t\n\t\t\t\t\t\t\t\t\t\t<span>Programa aferent\u0103 examenului de acces la stagiu<\/span>\n\t\t\t\t<\/a>\n\t\t\t<\/li>\n\t\t\t\t\t\t\t\t<li >\n\t\t\t\t<a href=\"#tab-cont-435841a89aa1e8b5e1a52a967d0eb145-4\" data-toggle=\"tab\">\n\t\t\t\t\t\n\t\t\t\t\t\t\t\t\t\t<span>Dosarul de \u00eenscriere la examenul de acces la stagiu<\/span>\n\t\t\t\t<\/a>\n\t\t\t<\/li>\n\t\t\t\t\t\t\t\t<li >\n\t\t\t\t<a href=\"#tab-cont-435841a89aa1e8b5e1a52a967d0eb145-5\" data-toggle=\"tab\">\n\t\t\t\t\t\n\t\t\t\t\t\t\t\t\t\t<span>Sesiuni de examen de acces la stagiu<\/span>\n\t\t\t\t<\/a>\n\t\t\t<\/li>\n\t\t\t\t\t\t\t\t<li >\n\t\t\t\t<a href=\"#tab-cont-435841a89aa1e8b5e1a52a967d0eb145-6\" data-toggle=\"tab\">\n\t\t\t\t\t\n\t\t\t\t\t\t\t\t\t\t<span>Calendar cursuri<\/span>\n\t\t\t\t<\/a>\n\t\t\t<\/li>\n\t\t\t\t\t\t<\/ul>\n\n\t<div class=\"tab-content clearfix\">\n\t\t\t\t\t<div id=\"tab-cont-435841a89aa1e8b5e1a52a967d0eb145-1\"\n\t\t\t     class=\"tab-pane fade in active\">\n\t\t\t\t\n\t\t\t\t\t\t\t\t\t<p><strong>Sesiuni examen de admitere la stagiu CECCAR 2026<\/strong><\/p><p>-Sesiunea 1-2 octombrie 2026<\/p><p>&nbsp;<\/p><div class=\"grid_24\"><div id=\"wrapper\"><div class=\"wrapper\"><div id=\"content1\" class=\"grid_24\"><h1 class=\"wp-block-heading has-black-color has-text-color\"><span style=\"font-size: 14pt;\"><strong>Con\u021binutul dosarului<\/strong><\/span><\/h1><p class=\"has-black-color has-text-color\">\u00censcrierea la examenul de admitere la stagiu \u00een vederea ob\u0163inerii calit\u0103\u0163ii de expert contabil sau de contabil autorizat se face \u00een baza unui dosar care se depune on-line \u00a0sau la sediul filialei CECCAR \u00een a c\u0103rei raz\u0103 teritorial\u0103 \u00ee\u015fi are domiciliul candidatul.<\/p><p class=\"has-black-color has-text-color\">Con\u021binutul dosarului de \u00eenscriere pentru sus\u021binerea examenului de admitere la stagiu \u00een vederea ob\u0163inerii\u00a0<strong>calit\u0103\u0163ii de expert contabil<\/strong>:<\/p><ul class=\"has-black-color has-text-color\"><li>cererea de \u00eenscriere (model Anex\u0103);<\/li><li>certificatul medical din care s\u0103 rezulte c\u0103 solicitantul are \"capacitate de exerci\u021biu deplin\u0103\";<\/li><li>curriculum vitae (model Anex\u0103);<\/li><li>copia certificat\u0103 pentru conformitate cu originalul a diplomei care atest\u0103 finalizarea studiilor superioare economice cu diplom\u0103 recunoscut\u0103 de Ministerul Educa\u021biei;<\/li><li>certificat de cazier judiciar cu termen de valabilitate neexpirat;<\/li><li>dovada achit\u0103rii taxei de \u00eenscriere la examen \u00een cuantum de 175 Euro (c\/v \u00een lei la cursul BNR din ziua pl\u0103\u0163ii), tax\u0103 care va fi achitat\u0103 \u00een contul filialei \u00een cadrul c\u0103reia se face \u00eenscrierea;<\/li><li>acordul GDPR (model Anex\u0103)<\/li><li>acordul de \u00eenregistrare audio-video (model Anex\u0103)<\/li><\/ul><p class=\"has-black-color has-text-color\">Con\u021binutul dosarului de \u00eenscriere pentru sus\u021binerea examenului de admitere la stagiu \u00een vederea ob\u0163inerii\u00a0<strong>calit\u0103\u0163ii de contabil autorizat<\/strong>:<\/p><ul class=\"has-black-color has-text-color\"><li>cererea de \u00eenscriere (model Anex\u0103);<\/li><li>certificatul medical din care s\u0103 rezulte c\u0103 solicitantul are \"capacitate de exerci\u021biu deplin\u0103\";<\/li><li>curriculum vitae (model Anex\u0103);<\/li><li>copia certificat\u0103 pentru conformitate cu originalul a diplomei care atest\u0103 finalizarea studiilor medii cu diplom\u0103 recunoscut\u0103 de Ministerul Educa\u021biei;<\/li><li>certificat de cazier judiciar cu termen de valabilitate neexpirat;<\/li><li>dovada achit\u0103rii taxei de \u00eenscriere la examen \u00een cuantum de 125 Euro (c\/v \u00een lei la cursul BNR din ziua pl\u0103\u0163ii), tax\u0103 care va fi achitat\u0103 \u00een contul filialei \u00een cadrul c\u0103reia se face \u00eenscrierea;<\/li><li>acordul GDPR \u00a0(model Anex\u0103);<\/li><li>acordul de \u00eenregistrare audio-video (model Anex\u0103).<\/li><\/ul><h1 class=\"wp-block-heading has-black-color has-text-color\"><span style=\"font-size: 14pt;\"><strong>Structur\u0103 probe examene<\/strong><\/span><\/h1><p class=\"has-black-color has-text-color\">Examenul de admitere la stagiu se va organiza \u00een zilele de 1 si 2 octombrie 2026 \u0219i const\u0103 \u00een urm\u0103toarele:<\/p><ul class=\"has-black-color has-text-color\"><li><strong>Pentru categoria de expert contabil sus\u021binerea a dou\u0103 probe scrise, dup\u0103 cum urmeaz\u0103:<\/strong><ul><li>o prob\u0103 scris\u0103 cu subiecte din disciplinele\u00a0<em>Contabilitate, Fiscalitate\u00a0<\/em>\u015fi<em>\u00a0Drept<\/em>, cu o durat\u0103 de 3 ore;<\/li><li>o prob\u0103 scris\u0103 cu subiecte din disciplinele\u00a0<em>Evaluare economic\u0103 \u015fi financiar\u0103 a \u00eentreprinderilor, Audit, Expertiz\u0103 contabil\u0103 \u015fi Doctrina \u015fi deontologia profesiei contabile<\/em>, cu o durat\u0103 de 3 ore;<\/li><\/ul><\/li><li><strong>Pentru categoria contabililor autoriza\u0163i care \u00eendeplinesc condi\u0163ia de studii superioare economice sus\u021binerea<\/strong>\u00a0unei probe scrise cu subiecte din disciplinele\u00a0<em>Contabilitate, Evaluare economic\u0103 \u015fi financiar\u0103 a \u00eentreprinderilor, Audit, Expertiz\u0103 contabil\u0103, Doctrina\u00a0\u015fi deontologia profesiei contabile<\/em>\u00a0cu o durat\u0103 de 4 ore;<\/li><li><strong>Pentru categoria de contabil autorizat sus\u021binerea unei probe scrise, cu subiecte\u00a0<\/strong>din disciplinele Contabilitate, Fiscalitate \u015fi Drept, cu o durat\u0103 de 3 ore.<\/li><\/ul><p class=\"has-black-color has-text-color\">Se declar\u0103 admi\u0219i candida\u021bii care ob\u021bin cel pu\u021bin media 7 \u0219i minimum nota 6 la fiecare disciplin\u0103 de examen.<\/p><\/div><\/div><div><p>&nbsp;<\/p><\/div><\/div><\/div>\t\t\t\t\t\t\t<\/div>\n\t\t\t\t\t\t<div id=\"tab-cont-435841a89aa1e8b5e1a52a967d0eb145-2\"\n\t\t\t     class=\"tab-pane fade \">\n\t\t\t\t\n\t\t\t\t\t\t\t\t\t<header><a href=\"http:\/\/ceccarbraila.ro\/ro\/wp-content\/uploads\/2018\/10\/regulament-acces.pdf\" target=\"_blank\" rel=\"noopener\">Regulament privind accesul la profesia de expert contabil \u015fi de contabil autorizat<\/a><\/header>\t\t\t\t\t\t\t<\/div>\n\t\t\t\t\t\t<div id=\"tab-cont-435841a89aa1e8b5e1a52a967d0eb145-3\"\n\t\t\t     class=\"tab-pane fade \">\n\t\t\t\t\n\t\t\t\t\t\t\t\t\t<ul><li><ul><li><a href=\"https:\/\/ceccar.ro\/ro\/wp-content\/uploads\/2025\/03\/Programa-EC-examen-acces-2025.pdf\">Programa aferent\u0103 examenului de admitere la stagiu \u00een vederea ob\u0163inerii calit\u0103\u0163ii de expert contabil (sesiunea octombrie 2025)<\/a><\/li><li><a href=\"https:\/\/ceccar.ro\/ro\/wp-content\/uploads\/2025\/03\/Programa-CA-examen-acces-2025.pdf\">Programa aferent\u0103 examenului de admitere la stagiu \u00een vederea ob\u0163inerii calit\u0103\u0163ii de contabil autorizat (sesiunea octombrie 2025)<\/a><\/li><\/ul><\/li><\/ul>\t\t\t\t\t\t\t<\/div>\n\t\t\t\t\t\t<div id=\"tab-cont-435841a89aa1e8b5e1a52a967d0eb145-4\"\n\t\t\t     class=\"tab-pane fade \">\n\t\t\t\t\n\t\t\t\t\t\t\t\t\t<header><div role=\"navigation\"><nav id=\"fw-menu-primary\"><h1><a href=\"https:\/\/ceccar.ro\/ro\/?page_id=32407\"><span style=\"font-size: 14pt;\">Examenul de admitere la stagiu\u00a0<\/span><\/a><\/h1><h1 class=\"wp-block-heading has-black-color has-text-color\"><span style=\"font-size: 12pt;\"><strong>Con\u021binutul dosarului<\/strong><\/span><\/h1><p class=\"has-black-color has-text-color\">\u00censcrierea la examenul de admitere la stagiu \u00een vederea ob\u0163inerii calit\u0103\u0163ii de expert contabil sau de contabil autorizat se face \u00een baza unui dosar care se depune on-line sau la sediul filialei CECCAR \u00een a c\u0103rei raz\u0103 teritorial\u0103 \u00ee\u015fi are domiciliul candidatul.<\/p><p class=\"has-black-color has-text-color\">Con\u021binutul dosarului de \u00eenscriere pentru sus\u021binerea examenului de admitere la stagiu \u00een vederea ob\u0163inerii\u00a0<strong>calit\u0103\u0163ii de expert contabil<\/strong>:<\/p><ul class=\"has-black-color has-text-color\"><li>cererea de \u00eenscriere (<a href=\"https:\/\/ceccar.ro\/ro\/wp-content\/uploads\/2023\/02\/Cerere-inscriere-examen-admitere.pdf\" target=\"_blank\" rel=\"noreferrer noopener\">model Anex\u0103<\/a>);<\/li><li>certificatul medical din care s\u0103 rezulte c\u0103 solicitantul are \"capacitate de exerci\u021biu deplin\u0103\";<\/li><li>curriculum vitae (<a href=\"https:\/\/ceccar.ro\/ro\/wp-content\/uploads\/2023\/02\/CV.pdf\" target=\"_blank\" rel=\"noreferrer noopener\">model Anex\u0103<\/a>);<\/li><li>copia certificat\u0103 pentru conformitate cu originalul a diplomei care atest\u0103 finalizarea studiilor superioare economice cu diplom\u0103 recunoscut\u0103 de Ministerul Educa\u021biei;<\/li><li>certificat de cazier judiciar cu termen de valabilitate neexpirat;<\/li><li>dovada achit\u0103rii taxei de \u00eenscriere la examen \u00een cuantum de 175 Euro (c\/v \u00een lei la cursul BNR din ziua pl\u0103\u0163ii), tax\u0103 care va fi achitat\u0103 \u00een contul filialei \u00een cadrul c\u0103reia se face \u00eenscrierea;<\/li><li>acordul GDPR (<a href=\"https:\/\/ceccar.ro\/ro\/wp-content\/uploads\/2023\/02\/Formular-GDPR.pdf\" target=\"_blank\" rel=\"noreferrer noopener\">model Anex\u0103<\/a>)<\/li><li>acordul de \u00eenregistrare audio-video (<a title=\"\" href=\"https:\/\/ceccar.ro\/ro\/wp-content\/uploads\/2024\/02\/Acord-inregistrare-audio-video-examen_noiembrie-2024.pdf\" target=\"_blank\" rel=\"noopener\">model Anex\u0103<\/a>)<\/li><\/ul><p class=\"has-black-color has-text-color\">Con\u021binutul dosarului de \u00eenscriere pentru sus\u021binerea examenului de admitere la stagiu \u00een vederea ob\u0163inerii\u00a0<strong>calit\u0103\u0163ii de contabil autorizat<\/strong>:<\/p><ul class=\"has-black-color has-text-color\"><li>cererea de \u00eenscriere (<a href=\"https:\/\/ceccar.ro\/ro\/wp-content\/uploads\/2023\/02\/Cerere-inscriere-examen-admitere.pdf\" target=\"_blank\" rel=\"noreferrer noopener\">model Anex\u0103<\/a>);<\/li><li>certificatul medical din care s\u0103 rezulte c\u0103 solicitantul are \"capacitate de exerci\u021biu deplin\u0103\";<\/li><li>curriculum vitae (<a href=\"https:\/\/ceccar.ro\/ro\/wp-content\/uploads\/2023\/02\/CV.pdf\" target=\"_blank\" rel=\"noreferrer noopener\">model Anex\u0103<\/a>);<\/li><li>copia certificat\u0103 pentru conformitate cu originalul a diplomei care atest\u0103 finalizarea studiilor medii cu diplom\u0103 recunoscut\u0103 de Ministerul Educa\u021biei;<\/li><li>certificat de cazier judiciar cu termen de valabilitate neexpirat;<\/li><li>dovada achit\u0103rii taxei de \u00eenscriere la examen \u00een cuantum de 125 Euro (c\/v \u00een lei la cursul BNR din ziua pl\u0103\u0163ii), tax\u0103 care va fi achitat\u0103 \u00een contul filialei \u00een cadrul c\u0103reia se face \u00eenscrierea;<\/li><li>acordul GDPR \u00a0(<a href=\"https:\/\/ceccar.ro\/ro\/wp-content\/uploads\/2023\/02\/Formular-GDPR.pdf\" target=\"_blank\" rel=\"noreferrer noopener\">model Anex\u0103<\/a>);<\/li><li>acordul de \u00eenregistrare audio-video (<a title=\"\" href=\"https:\/\/ceccar.ro\/ro\/wp-content\/uploads\/2024\/02\/Acord-inregistrare-audio-video-examen_noiembrie-2024.pdf\" target=\"_blank\" rel=\"noopener\">model Anex\u0103<\/a>).<\/li><\/ul><h1 class=\"wp-block-heading has-black-color has-text-color\"><span style=\"font-size: 12pt;\"><strong>Structur\u0103 probe examene<\/strong><\/span><\/h1><p class=\"has-black-color has-text-color\">Examenul de admitere la stagiu se va organiza \u00een zilele de 1 si 2 octombrie 2026 \u0219i const\u0103 \u00een urm\u0103toarele:<\/p><ul class=\"has-black-color has-text-color\"><li><strong>Pentru categoria de expert contabil sus\u021binerea a dou\u0103 probe scrise, dup\u0103 cum urmeaz\u0103:<\/strong><ul><li>o prob\u0103 scris\u0103 cu subiecte din disciplinele\u00a0<em>Contabilitate, Fiscalitate\u00a0<\/em>\u015fi<em>\u00a0Drept<\/em>, cu o durat\u0103 de 3 ore;<\/li><li>o prob\u0103 scris\u0103 cu subiecte din disciplinele\u00a0<em>Evaluare economic\u0103 \u015fi financiar\u0103 a \u00eentreprinderilor, Audit, Expertiz\u0103 contabil\u0103 \u015fi Doctrina \u015fi deontologia profesiei contabile<\/em>, cu o durat\u0103 de 3 ore;<\/li><\/ul><\/li><li><strong>Pentru categoria membri activi CECCAR contabili autoriza\u0163i care \u00eendeplinesc condi\u0163ia de studii superioare economice sus\u021binerea<\/strong>\u00a0unei probe scrise cu subiecte din disciplinele\u00a0<em>Contabilitate, Evaluare economic\u0103 \u015fi financiar\u0103 a \u00eentreprinderilor, Audit, Expertiz\u0103 contabil\u0103, Doctrina\u00a0\u015fi deontologia profesiei contabile<\/em>\u00a0cu o durat\u0103 de 4 ore;<\/li><li><strong>Pentru categoria de contabil autorizat sus\u021binerea unei probe scrise, cu subiecte\u00a0<\/strong>din disciplinele Contabilitate, Fiscalitate \u015fi Drept, cu o durat\u0103 de 3 ore.<\/li><\/ul><p class=\"has-black-color has-text-color\">Se declar\u0103 admi\u0219i candida\u021bii care ob\u021bin cel pu\u021bin media 7 \u0219i minimum nota 6 la fiecare disciplin\u0103 de examen.<\/p><p>&nbsp;<\/p><\/nav><\/div><\/header>\t\t\t\t\t\t\t<\/div>\n\t\t\t\t\t\t<div id=\"tab-cont-435841a89aa1e8b5e1a52a967d0eb145-5\"\n\t\t\t     class=\"tab-pane fade \">\n\t\t\t\t\n\t\t\t\t\t\t\t\t\t<header><div role=\"navigation\"><nav id=\"fw-menu-primary\"><header><\/header><header><span style=\"color: #000000;\"><strong>EXAMENUL DE ACCES LA STAGIU 2026<\/strong><\/span><\/header><header><\/header><header><span style=\"color: #000000;\">Examenul de acces la stagiu pentru calitatea de expert contabil si contabil autorizat se va organiza in:<\/span><\/header><header><\/header><header><span style=\"color: #000000;\">-sesiunea 1\u00a0 si 2 octombrie 2026<\/span><\/header><header><\/header><header><\/header><\/nav><\/div><\/header>\t\t\t\t\t\t\t<\/div>\n\t\t\t\t\t\t<div id=\"tab-cont-435841a89aa1e8b5e1a52a967d0eb145-6\"\n\t\t\t     class=\"tab-pane fade \">\n\t\t\t\t\n\t\t\t\t\t\t\t\t\t<header><div role=\"navigation\"><nav id=\"fw-menu-primary\"><header><header>Cursurile de preg\u0103tire pentru candida\u0163ii la Examenul de admitere la stagiu se organizeaza \u00een cadrul fillialelor teritoriale, \u00een functie de num\u0103rul de solicit\u0103ri din partea persoanelor interesate.<\/p><\/header><\/header><\/nav><\/div><\/header>\t\t\t\t\t\t\t<\/div>\n\t\t\t\t<\/div>\n<\/div><div class=\"fw-divider-space space-sm  clearfix\"  ><\/div>\t\t<\/div>\n\t<\/div>\n<\/div><\/div>\n\n<div class=\"fw-row\">\n\t<div id=\"column-69e0cc1e763a0\" class=\"fw-col-sm-6 tf-sh-dfd4237ae493200fabaf29e7d3285981\" >\n\t<div class=\"fw-wrap-col-inner clearfix  \"   >\n\t\t\t\t<div class=\"fw-col-inner\">\n\t\t\t\t\t<\/div>\n\t<\/div>\n<\/div><\/div>\n\n<div class=\"fw-row\">\n\t<div id=\"column-69e0cc1e768ce\" class=\"fw-col-sm-12 tf-sh-4a475929adc1390e873f232cbd0fc662\" >\n\t<div class=\"fw-wrap-col-inner clearfix  \"   >\n\t\t\t\t<div class=\"fw-col-inner\">\n\t\t\t\t\t<\/div>\n\t<\/div>\n<\/div><\/div>\n\n\t<\/div>\n\t<\/section>\n","protected":false},"excerpt":{"rendered":"<p>Examenul de acces la stagiu Anun\u0163uri \u015fi nout\u0103\u0163i Regulament privind accesul la profesia de expert contabil \u015fi de contabil autorizat Programa aferent\u0103 examenului de acces la stagiu Dosarul de \u00eenscriere la examenul de acces la [&hellip;]<\/p>\n","protected":false},"author":1,"featured_media":0,"parent":288,"menu_order":0,"comment_status":"closed","ping_status":"closed","template":"visual-builder-template.php","meta":{"footnotes":""},"class_list":["post-572","page","type-page","status-publish","hentry"],"brizy_media":[],"_links":{"self":[{"href":"https:\/\/ceccarbraila.ro\/ro\/wp-json\/wp\/v2\/pages\/572","targetHints":{"allow":["GET"]}}],"collection":[{"href":"https:\/\/ceccarbraila.ro\/ro\/wp-json\/wp\/v2\/pages"}],"about":[{"href":"https:\/\/ceccarbraila.ro\/ro\/wp-json\/wp\/v2\/types\/page"}],"author":[{"embeddable":true,"href":"https:\/\/ceccarbraila.ro\/ro\/wp-json\/wp\/v2\/users\/1"}],"replies":[{"embeddable":true,"href":"https:\/\/ceccarbraila.ro\/ro\/wp-json\/wp\/v2\/comments?post=572"}],"version-history":[{"count":83,"href":"https:\/\/ceccarbraila.ro\/ro\/wp-json\/wp\/v2\/pages\/572\/revisions"}],"predecessor-version":[{"id":10046,"href":"https:\/\/ceccarbraila.ro\/ro\/wp-json\/wp\/v2\/pages\/572\/revisions\/10046"}],"up":[{"embeddable":true,"href":"https:\/\/ceccarbraila.ro\/ro\/wp-json\/wp\/v2\/pages\/288"}],"wp:attachment":[{"href":"https:\/\/ceccarbraila.ro\/ro\/wp-json\/wp\/v2\/media?parent=572"}],"curies":[{"name":"wp","href":"https:\/\/api.w.org\/{rel}","templated":true}]}}